{"id":10057,"date":"2025-08-20T22:31:26","date_gmt":"2025-08-20T20:31:26","guid":{"rendered":"https:\/\/dasgesundheitswesen.de\/2025\/?page_id=10057"},"modified":"2025-09-08T02:46:50","modified_gmt":"2025-09-08T00:46:50","slug":"news","status":"publish","type":"page","link":"https:\/\/dasgesundheitswesen.de\/2025\/news\/","title":{"rendered":"News"},"content":{"rendered":"\t\t<div data-elementor-type=\"wp-page\" data-elementor-id=\"10057\" class=\"elementor elementor-10057\" data-elementor-post-type=\"page\">\n\t\t\t\t<div class=\"elementor-element elementor-element-510b9db e-flex e-con-boxed sc_layouts_column_icons_position_left e-con e-parent\" data-id=\"510b9db\" data-element_type=\"container\" data-settings=\"{&quot;background_background&quot;:&quot;classic&quot;}\">\n\t\t\t\t\t<div class=\"e-con-inner\">\n\t\t\t\t<div data-animation-type=\"block\" class=\"elementor-element elementor-element-333d89a animation_type_block sc_fly_static elementor-invisible elementor-widget elementor-widget-heading\" data-id=\"333d89a\" data-element_type=\"widget\" data-settings=\"{&quot;_animation&quot;:&quot;ta_fadeinup&quot;}\" data-widget_type=\"heading.default\">\n\t\t\t\t<div class=\"elementor-widget-container\">\n\t\t\t\t\t<h6 class=\"elementor-heading-title elementor-size-default\">Aktuelles<\/h6>\t\t\t\t<\/div>\n\t\t\t\t<\/div>\n\t\t\t\t<div data-animation-type=\"block\" class=\"elementor-element elementor-element-8eb31cc animation_type_block sc_fly_static elementor-invisible elementor-widget elementor-widget-heading\" data-id=\"8eb31cc\" data-element_type=\"widget\" data-settings=\"{&quot;_animation&quot;:&quot;ta_fadeinup&quot;,&quot;_animation_delay&quot;:100}\" data-widget_type=\"heading.default\">\n\t\t\t\t<div class=\"elementor-widget-container\">\n\t\t\t\t\t<h1 class=\"elementor-heading-title elementor-size-default\">Unsere News\n<\/h1>\t\t\t\t<\/div>\n\t\t\t\t<\/div>\n\t\t\t\t<div data-animation-type=\"sequental\" data-animation-stagger=\"\" class=\"elementor-element elementor-element-e853d8e trx-addons-posts-equal-height-yes animation_type_sequental elementor-grid-3 elementor-grid-tablet-2 elementor-grid-mobile-1 sc_fly_static elementor-invisible elementor-widget elementor-widget-trx_elm_posts\" data-id=\"e853d8e\" data-element_type=\"widget\" id=\"news\" data-settings=\"{&quot;_animation&quot;:&quot;ta_fadeinup&quot;,&quot;_animation_delay&quot;:100,&quot;classic_columns&quot;:3,&quot;classic_columns_tablet&quot;:2,&quot;classic_columns_mobile&quot;:1}\" data-widget_type=\"trx_elm_posts.classic\">\n\t\t\t\t<div class=\"elementor-widget-container\">\n\t\t\t\t\t\t\t<div class=\"trx-addons-posts-container\">\n\t\t\t\n\t\t\t\t\t\t\t\t\t\t\n\t\t\t<div class=\"trx-addons-posts trx-addons-posts-skin-classic trx-addons-elementor-grid trx-addons-posts-grid\" data-query-type=\"custom\" data-layout=\"grid\" data-page=\"10057\" data-skin=\"classic\">\n\t\t\t\t\t\t<div class=\"trx-addons-posts-item-wrap trx-addons-grid-item-wrap post-12285 post type-post status-publish format-standard has-post-thumbnail hentry category-uncategorized\">\n\t\t\t\t\t\t<div class=\"trx-addons-posts-item trx-addons-grid-item\">\n\t\t\t\t\t\t<div class=\"trx-addons-posts-item-thumbnail\">\n\t\t\t<div class=\"trx-addons-posts-item-thumbnail-wrap\">\n\t\t\t\t<a href=\"https:\/\/dasgesundheitswesen.de\/2025\/labyrinthe-und-trojanische-pferde\/\"><img fetchpriority=\"high\" decoding=\"async\" width=\"902\" height=\"523\" src=\"https:\/\/dasgesundheitswesen.de\/2025\/wp-content\/uploads\/2026\/03\/10.jpg\" class=\"attachment-large size-large wp-image-12286\" alt=\"\" srcset=\"https:\/\/dasgesundheitswesen.de\/2025\/wp-content\/uploads\/2026\/03\/10.jpg 902w, https:\/\/dasgesundheitswesen.de\/2025\/wp-content\/uploads\/2026\/03\/10-300x174.jpg 300w, https:\/\/dasgesundheitswesen.de\/2025\/wp-content\/uploads\/2026\/03\/10-768x445.jpg 768w, https:\/\/dasgesundheitswesen.de\/2025\/wp-content\/uploads\/2026\/03\/10-370x215.jpg 370w, https:\/\/dasgesundheitswesen.de\/2025\/wp-content\/uploads\/2026\/03\/10-410x238.jpg 410w, https:\/\/dasgesundheitswesen.de\/2025\/wp-content\/uploads\/2026\/03\/10-600x348.jpg 600w\" sizes=\"(max-width: 902px) 100vw, 902px\" \/><\/a>\t\t\t<\/div>\n\t\t<\/div>\n\t\t\n\t\t\t\t\n\t\t\t\t<div class=\"trx-addons-posts-item-content-wrap\">\n\t\t\t\t\t<div class=\"trx-addons-posts-item-content\"><h4 class=\"trx-addons-posts-item-title\"><a href=\"https:\/\/dasgesundheitswesen.de\/2025\/labyrinthe-und-trojanische-pferde\/\">Labyrinthe und trojanische Pferde<\/a><\/h4>\t\t\t\t\t\t<div class=\"trx-addons-posts-item-meta\">\n\t\t\t\t<span class=\"trx-addons-posts-item-date\"><span class=\"trx-addons-icon\"><\/span><span class=\"trx-addons-meta-text\">24. M\u00e4rz 2026<\/span><\/span><span class=\"trx-addons-meta-separator\">&#8226;<\/span>\t\t\t<\/div>\n\t\t\t\t\t\t\t<div class=\"trx-addons-posts-item-excerpt\">\n\t\t\t<p>Erste Erfahrungen mit den Hybrid-DRGs in der Unfallchirurgie und Orthop\u00e4die im Jahre 2026 F\u00fcr das Jahr 2026 wurde die Zahl &#8230;<\/p>\n\t\t<\/div>\n\t\t\t\t<\/div>\t\t\t\t<a class=\"trx-addons-posts-button elementor-button elementor-size-sm\" href=\"https:\/\/dasgesundheitswesen.de\/2025\/labyrinthe-und-trojanische-pferde\/\">\n\t\t\t\t\t\t\t\t\t\t<span class=\"trx-addons-button-text\">\n\t\t\t\t\tWeiterlesen\t\t\t\t<\/span>\n\t\t\t\t\t\t\t\t\t<span class=\"trx-addons-button-icon elementor-button-icon elementor-align-icon-right\">\n\t\t\t\t\t\t\t<\/span>\n\t\t\t\t\t<\/a>\n\t\t\t\t<\/div><\/div><\/div>\t\t<div class=\"trx-addons-posts-item-wrap trx-addons-grid-item-wrap post-12052 post type-post status-publish format-standard has-post-thumbnail hentry category-uncategorized\">\n\t\t\t\t\t\t<div class=\"trx-addons-posts-item trx-addons-grid-item\">\n\t\t\t\t\t\t<div class=\"trx-addons-posts-item-thumbnail\">\n\t\t\t<div class=\"trx-addons-posts-item-thumbnail-wrap trx-addons-posts-item-thumbnail-wrap\">\n\t\t\t\t<a href=\"https:\/\/dasgesundheitswesen.de\/2025\/wie-wird-2026-abgerechnet-neues-zu-hybrid-drg-und-co\/\"><img decoding=\"async\" width=\"511\" height=\"297\" src=\"https:\/\/dasgesundheitswesen.de\/2025\/wp-content\/uploads\/2026\/01\/newsbild_9.jpg\" class=\"attachment-large size-large wp-image-12053\" alt=\"\" srcset=\"https:\/\/dasgesundheitswesen.de\/2025\/wp-content\/uploads\/2026\/01\/newsbild_9.jpg 511w, https:\/\/dasgesundheitswesen.de\/2025\/wp-content\/uploads\/2026\/01\/newsbild_9-300x174.jpg 300w, https:\/\/dasgesundheitswesen.de\/2025\/wp-content\/uploads\/2026\/01\/newsbild_9-370x215.jpg 370w, https:\/\/dasgesundheitswesen.de\/2025\/wp-content\/uploads\/2026\/01\/newsbild_9-410x238.jpg 410w\" sizes=\"(max-width: 767px) 100vw, 511px\" \/><\/a>\t\t\t<\/div>\n\t\t<\/div>\n\t\t\n\t\t\t\t\n\t\t\t\t<div class=\"trx-addons-posts-item-content-wrap\">\n\t\t\t\t\t<div class=\"trx-addons-posts-item-content\"><h4 class=\"trx-addons-posts-item-title\"><a href=\"https:\/\/dasgesundheitswesen.de\/2025\/wie-wird-2026-abgerechnet-neues-zu-hybrid-drg-und-co\/\">Wie wird 2026 abgerechnet? Neues zu Hybrid-DRG und Co.<\/a><\/h4>\t\t\t\t\t\t<div class=\"trx-addons-posts-item-meta\">\n\t\t\t\t<span class=\"trx-addons-posts-item-date\"><span class=\"trx-addons-icon\"><\/span><span class=\"trx-addons-meta-text\">24. Januar 2026<\/span><\/span><span class=\"trx-addons-meta-separator\">&#8226;<\/span>\t\t\t<\/div>\n\t\t\t\t\t\t\t<div class=\"trx-addons-posts-item-excerpt\">\n\t\t\t<p>Die Krankenhausabrechnung wird 2026 so komplex wie nie zuvor: Die Einf\u00fchrung der Hybrid-DRGs stellt Klinikmanagement und Kodierfachkr\u00e4fte vor enorme Herausforderungen. &#8230;<\/p>\n\t\t<\/div>\n\t\t\t\t<\/div>\t\t\t\t<a class=\"trx-addons-posts-button elementor-button elementor-size-sm\" href=\"https:\/\/dasgesundheitswesen.de\/2025\/wie-wird-2026-abgerechnet-neues-zu-hybrid-drg-und-co\/\">\n\t\t\t\t\t\t\t\t\t\t<span class=\"trx-addons-button-text\">\n\t\t\t\t\tWeiterlesen\t\t\t\t<\/span>\n\t\t\t\t\t\t\t\t\t<span class=\"trx-addons-button-icon elementor-button-icon elementor-align-icon-right\">\n\t\t\t\t\t\t\t<\/span>\n\t\t\t\t\t<\/a>\n\t\t\t\t<\/div><\/div><\/div>\t\t<div class=\"trx-addons-posts-item-wrap trx-addons-grid-item-wrap post-12002 post type-post status-publish format-standard has-post-thumbnail hentry category-uncategorized\">\n\t\t\t\t\t\t<div class=\"trx-addons-posts-item trx-addons-grid-item\">\n\t\t\t\t\t\t<div class=\"trx-addons-posts-item-thumbnail\">\n\t\t\t<div class=\"trx-addons-posts-item-thumbnail-wrap trx-addons-posts-item-thumbnail-wrap trx-addons-posts-item-thumbnail-wrap\">\n\t\t\t\t<a href=\"https:\/\/dasgesundheitswesen.de\/2025\/vorhaltefinanzierung-im-khvvg\/\"><img decoding=\"async\" width=\"902\" height=\"523\" src=\"https:\/\/dasgesundheitswesen.de\/2025\/wp-content\/uploads\/2026\/01\/8.jpg\" class=\"attachment-large size-large wp-image-12004\" alt=\"\" srcset=\"https:\/\/dasgesundheitswesen.de\/2025\/wp-content\/uploads\/2026\/01\/8.jpg 902w, https:\/\/dasgesundheitswesen.de\/2025\/wp-content\/uploads\/2026\/01\/8-300x174.jpg 300w, https:\/\/dasgesundheitswesen.de\/2025\/wp-content\/uploads\/2026\/01\/8-768x445.jpg 768w, https:\/\/dasgesundheitswesen.de\/2025\/wp-content\/uploads\/2026\/01\/8-370x215.jpg 370w, https:\/\/dasgesundheitswesen.de\/2025\/wp-content\/uploads\/2026\/01\/8-410x238.jpg 410w, https:\/\/dasgesundheitswesen.de\/2025\/wp-content\/uploads\/2026\/01\/8-600x348.jpg 600w\" sizes=\"(max-width: 902px) 100vw, 902px\" \/><\/a>\t\t\t<\/div>\n\t\t<\/div>\n\t\t\n\t\t\t\t\n\t\t\t\t<div class=\"trx-addons-posts-item-content-wrap\">\n\t\t\t\t\t<div class=\"trx-addons-posts-item-content\"><h4 class=\"trx-addons-posts-item-title\"><a href=\"https:\/\/dasgesundheitswesen.de\/2025\/vorhaltefinanzierung-im-khvvg\/\">Vorhaltefinanzierung im KHVVG<\/a><\/h4>\t\t\t\t\t\t<div class=\"trx-addons-posts-item-meta\">\n\t\t\t\t<span class=\"trx-addons-posts-item-date\"><span class=\"trx-addons-icon\"><\/span><span class=\"trx-addons-meta-text\">8. Januar 2026<\/span><\/span><span class=\"trx-addons-meta-separator\">&#8226;<\/span>\t\t\t<\/div>\n\t\t\t\t\t\t\t<div class=\"trx-addons-posts-item-excerpt\">\n\t\t\t<p>Anspruch und Realit\u00e4t einer vermeintlichen Strukturreform Mit dem Krankenhausversorgungsverbesserungsgesetz (KHVVG) verfolgt der Gesetzgeber das Ziel, das bislang fallzahlbasierte Krankenhausfinanzierungssystem grundlegend &#8230;<\/p>\n\t\t<\/div>\n\t\t\t\t<\/div>\t\t\t\t<a class=\"trx-addons-posts-button elementor-button elementor-size-sm\" href=\"https:\/\/dasgesundheitswesen.de\/2025\/vorhaltefinanzierung-im-khvvg\/\">\n\t\t\t\t\t\t\t\t\t\t<span class=\"trx-addons-button-text\">\n\t\t\t\t\tWeiterlesen\t\t\t\t<\/span>\n\t\t\t\t\t\t\t\t\t<span class=\"trx-addons-button-icon elementor-button-icon elementor-align-icon-right\">\n\t\t\t\t\t\t\t<\/span>\n\t\t\t\t\t<\/a>\n\t\t\t\t<\/div><\/div><\/div>\t\t<div class=\"trx-addons-posts-item-wrap trx-addons-grid-item-wrap post-11467 post type-post status-publish format-standard has-post-thumbnail hentry category-uncategorized\">\n\t\t\t\t\t\t<div class=\"trx-addons-posts-item trx-addons-grid-item\">\n\t\t\t\t\t\t<div class=\"trx-addons-posts-item-thumbnail\">\n\t\t\t<div class=\"trx-addons-posts-item-thumbnail-wrap trx-addons-posts-item-thumbnail-wrap trx-addons-posts-item-thumbnail-wrap trx-addons-posts-item-thumbnail-wrap\">\n\t\t\t\t<a href=\"https:\/\/dasgesundheitswesen.de\/2025\/wie-kann-die-patientensteuerung-in-der-indikationssprechstunde-funktionieren\/\"><img loading=\"lazy\" decoding=\"async\" width=\"908\" height=\"527\" src=\"https:\/\/dasgesundheitswesen.de\/2025\/wp-content\/uploads\/2025\/09\/7.jpg\" class=\"attachment-large size-large wp-image-11468\" alt=\"\" srcset=\"https:\/\/dasgesundheitswesen.de\/2025\/wp-content\/uploads\/2025\/09\/7.jpg 908w, https:\/\/dasgesundheitswesen.de\/2025\/wp-content\/uploads\/2025\/09\/7-300x174.jpg 300w, https:\/\/dasgesundheitswesen.de\/2025\/wp-content\/uploads\/2025\/09\/7-768x446.jpg 768w, https:\/\/dasgesundheitswesen.de\/2025\/wp-content\/uploads\/2025\/09\/7-370x215.jpg 370w, https:\/\/dasgesundheitswesen.de\/2025\/wp-content\/uploads\/2025\/09\/7-410x238.jpg 410w, https:\/\/dasgesundheitswesen.de\/2025\/wp-content\/uploads\/2025\/09\/7-600x348.jpg 600w\" sizes=\"(max-width: 908px) 100vw, 908px\" \/><\/a>\t\t\t<\/div>\n\t\t<\/div>\n\t\t\n\t\t\t\t\n\t\t\t\t<div class=\"trx-addons-posts-item-content-wrap\">\n\t\t\t\t\t<div class=\"trx-addons-posts-item-content\"><h4 class=\"trx-addons-posts-item-title\"><a href=\"https:\/\/dasgesundheitswesen.de\/2025\/wie-kann-die-patientensteuerung-in-der-indikationssprechstunde-funktionieren\/\">Wie kann die Patientensteuerung in der Indikations\u00adsprechstunde funktionieren?<\/a><\/h4>\t\t\t\t\t\t<div class=\"trx-addons-posts-item-meta\">\n\t\t\t\t<span class=\"trx-addons-posts-item-date\"><span class=\"trx-addons-icon\"><\/span><span class=\"trx-addons-meta-text\">8. September 2025<\/span><\/span><span class=\"trx-addons-meta-separator\">&#8226;<\/span>\t\t\t<\/div>\n\t\t\t\t\t\t\t<div class=\"trx-addons-posts-item-excerpt\">\n\t\t\t<p>Die Lotsenfunktion des Medizincontrollings und Empfehlungen zur praktischen Umsetzung. Eine fr\u00fchzeitige, sektor\u00fcbergreifende und sowohl medizinisch als auch gesundheits\u00f6konomisch belastbare Prozessplanung &#8230;<\/p>\n\t\t<\/div>\n\t\t\t\t<\/div>\t\t\t\t<a class=\"trx-addons-posts-button elementor-button elementor-size-sm\" href=\"https:\/\/dasgesundheitswesen.de\/2025\/wie-kann-die-patientensteuerung-in-der-indikationssprechstunde-funktionieren\/\">\n\t\t\t\t\t\t\t\t\t\t<span class=\"trx-addons-button-text\">\n\t\t\t\t\tWeiterlesen\t\t\t\t<\/span>\n\t\t\t\t\t\t\t\t\t<span class=\"trx-addons-button-icon elementor-button-icon elementor-align-icon-right\">\n\t\t\t\t\t\t\t<\/span>\n\t\t\t\t\t<\/a>\n\t\t\t\t<\/div><\/div><\/div>\t\t<div class=\"trx-addons-posts-item-wrap trx-addons-grid-item-wrap post-11459 post type-post status-publish format-standard has-post-thumbnail hentry category-uncategorized\">\n\t\t\t\t\t\t<div class=\"trx-addons-posts-item trx-addons-grid-item\">\n\t\t\t\t\t\t<div class=\"trx-addons-posts-item-thumbnail\">\n\t\t\t<div class=\"trx-addons-posts-item-thumbnail-wrap trx-addons-posts-item-thumbnail-wrap trx-addons-posts-item-thumbnail-wrap trx-addons-posts-item-thumbnail-wrap trx-addons-posts-item-thumbnail-wrap\">\n\t\t\t\t<a href=\"https:\/\/dasgesundheitswesen.de\/2025\/hybrid-drgs-2026\/\"><img loading=\"lazy\" decoding=\"async\" width=\"908\" height=\"527\" src=\"https:\/\/dasgesundheitswesen.de\/2025\/wp-content\/uploads\/2025\/09\/6.jpg\" class=\"attachment-large size-large wp-image-11460\" alt=\"\" srcset=\"https:\/\/dasgesundheitswesen.de\/2025\/wp-content\/uploads\/2025\/09\/6.jpg 908w, https:\/\/dasgesundheitswesen.de\/2025\/wp-content\/uploads\/2025\/09\/6-300x174.jpg 300w, https:\/\/dasgesundheitswesen.de\/2025\/wp-content\/uploads\/2025\/09\/6-768x446.jpg 768w, https:\/\/dasgesundheitswesen.de\/2025\/wp-content\/uploads\/2025\/09\/6-370x215.jpg 370w, https:\/\/dasgesundheitswesen.de\/2025\/wp-content\/uploads\/2025\/09\/6-410x238.jpg 410w, https:\/\/dasgesundheitswesen.de\/2025\/wp-content\/uploads\/2025\/09\/6-600x348.jpg 600w\" sizes=\"(max-width: 908px) 100vw, 908px\" \/><\/a>\t\t\t<\/div>\n\t\t<\/div>\n\t\t\n\t\t\t\t\n\t\t\t\t<div class=\"trx-addons-posts-item-content-wrap\">\n\t\t\t\t\t<div class=\"trx-addons-posts-item-content\"><h4 class=\"trx-addons-posts-item-title\"><a href=\"https:\/\/dasgesundheitswesen.de\/2025\/hybrid-drgs-2026\/\">Hybrid-DRGs 2026<\/a><\/h4>\t\t\t\t\t\t<div class=\"trx-addons-posts-item-meta\">\n\t\t\t\t<span class=\"trx-addons-posts-item-date\"><span class=\"trx-addons-icon\"><\/span><span class=\"trx-addons-meta-text\">8. September 2025<\/span><\/span><span class=\"trx-addons-meta-separator\">&#8226;<\/span>\t\t\t<\/div>\n\t\t\t\t\t\t\t<div class=\"trx-addons-posts-item-excerpt\">\n\t\t\t<p>Der erg\u00e4nzte erweiterte Bewertungsausschuss hat den Hybrid-DRG-Katalog 2026 erheblich ausgeweitet und umfasst nun interventionelle kardiologische und radiologische Verfahren, laparoskopische Eingriffe &#8230;<\/p>\n\t\t<\/div>\n\t\t\t\t<\/div>\t\t\t\t<a class=\"trx-addons-posts-button elementor-button elementor-size-sm\" href=\"https:\/\/dasgesundheitswesen.de\/2025\/hybrid-drgs-2026\/\">\n\t\t\t\t\t\t\t\t\t\t<span class=\"trx-addons-button-text\">\n\t\t\t\t\tWeiterlesen\t\t\t\t<\/span>\n\t\t\t\t\t\t\t\t\t<span class=\"trx-addons-button-icon elementor-button-icon elementor-align-icon-right\">\n\t\t\t\t\t\t\t<\/span>\n\t\t\t\t\t<\/a>\n\t\t\t\t<\/div><\/div><\/div>\t\t<div class=\"trx-addons-posts-item-wrap trx-addons-grid-item-wrap post-10325 post type-post status-publish format-standard has-post-thumbnail hentry category-uncategorized\">\n\t\t\t\t\t\t<div class=\"trx-addons-posts-item trx-addons-grid-item\">\n\t\t\t\t\t\t<div class=\"trx-addons-posts-item-thumbnail\">\n\t\t\t<div class=\"trx-addons-posts-item-thumbnail-wrap trx-addons-posts-item-thumbnail-wrap trx-addons-posts-item-thumbnail-wrap trx-addons-posts-item-thumbnail-wrap trx-addons-posts-item-thumbnail-wrap trx-addons-posts-item-thumbnail-wrap\">\n\t\t\t\t<a href=\"https:\/\/dasgesundheitswesen.de\/2025\/grundlagen-der-medizin-kompakt-verstaendlich-praxisnah-3-taegiger-kompaktkurs\/\"><img loading=\"lazy\" decoding=\"async\" width=\"1024\" height=\"608\" src=\"https:\/\/dasgesundheitswesen.de\/2025\/wp-content\/uploads\/2025\/09\/Grundwissen_Medizin-1024x608.jpg\" class=\"attachment-large size-large wp-image-11525\" alt=\"\" srcset=\"https:\/\/dasgesundheitswesen.de\/2025\/wp-content\/uploads\/2025\/09\/Grundwissen_Medizin-1024x608.jpg 1024w, https:\/\/dasgesundheitswesen.de\/2025\/wp-content\/uploads\/2025\/09\/Grundwissen_Medizin-300x178.jpg 300w, https:\/\/dasgesundheitswesen.de\/2025\/wp-content\/uploads\/2025\/09\/Grundwissen_Medizin-768x456.jpg 768w, https:\/\/dasgesundheitswesen.de\/2025\/wp-content\/uploads\/2025\/09\/Grundwissen_Medizin-1536x912.jpg 1536w, https:\/\/dasgesundheitswesen.de\/2025\/wp-content\/uploads\/2025\/09\/Grundwissen_Medizin-2048x1216.jpg 2048w, https:\/\/dasgesundheitswesen.de\/2025\/wp-content\/uploads\/2025\/09\/Grundwissen_Medizin-370x220.jpg 370w, https:\/\/dasgesundheitswesen.de\/2025\/wp-content\/uploads\/2025\/09\/Grundwissen_Medizin-924x549.jpg 924w, https:\/\/dasgesundheitswesen.de\/2025\/wp-content\/uploads\/2025\/09\/Grundwissen_Medizin-410x244.jpg 410w, https:\/\/dasgesundheitswesen.de\/2025\/wp-content\/uploads\/2025\/09\/Grundwissen_Medizin-600x356.jpg 600w\" sizes=\"(max-width: 1024px) 100vw, 1024px\" \/><\/a>\t\t\t<\/div>\n\t\t<\/div>\n\t\t\n\t\t\t\t\n\t\t\t\t<div class=\"trx-addons-posts-item-content-wrap\">\n\t\t\t\t\t<div class=\"trx-addons-posts-item-content\"><h4 class=\"trx-addons-posts-item-title\"><a href=\"https:\/\/dasgesundheitswesen.de\/2025\/grundlagen-der-medizin-kompakt-verstaendlich-praxisnah-3-taegiger-kompaktkurs\/\">Grundlagen der Medizin: kompakt, verst\u00e4ndlich, praxisnah | 3-t\u00e4giger Kompaktkurs<\/a><\/h4>\t\t\t\t\t\t<div class=\"trx-addons-posts-item-meta\">\n\t\t\t\t<span class=\"trx-addons-posts-item-date\"><span class=\"trx-addons-icon\"><\/span><span class=\"trx-addons-meta-text\">23. August 2025<\/span><\/span><span class=\"trx-addons-meta-separator\">&#8226;<\/span>\t\t\t<\/div>\n\t\t\t\t\t\t\t<div class=\"trx-addons-posts-item-excerpt\">\n\t\t\t<p>Viele haben es sich gew\u00fcnscht und jetzt ist es soweit! Wir freuen uns sehr, Ihnen heute unseren neuen Kompaktkurs Grundlagen &#8230;<\/p>\n\t\t<\/div>\n\t\t\t\t<\/div>\t\t\t\t<a class=\"trx-addons-posts-button elementor-button elementor-size-sm\" href=\"https:\/\/dasgesundheitswesen.de\/2025\/grundlagen-der-medizin-kompakt-verstaendlich-praxisnah-3-taegiger-kompaktkurs\/\">\n\t\t\t\t\t\t\t\t\t\t<span class=\"trx-addons-button-text\">\n\t\t\t\t\tWeiterlesen\t\t\t\t<\/span>\n\t\t\t\t\t\t\t\t\t<span class=\"trx-addons-button-icon elementor-button-icon elementor-align-icon-right\">\n\t\t\t\t\t\t\t<\/span>\n\t\t\t\t\t<\/a>\n\t\t\t\t<\/div><\/div><\/div>\t\t\t<\/div>\n\t\t\t\t\t\t\t\t<div class=\"trx-addons-posts-pagination-wrap trx-addons-posts-pagination-bottom\" data-pagination_type=\"numbers_and_prev_next\">\n\t\t\t\t\t\t\t\t\t<nav class=\"trx-addons-posts-pagination trx-addons-posts-pagination-standard elementor-pagination\" role=\"navigation\" aria-label=\"Pagination\" data-total=\"2\">\n\t\t\t\t<span aria-current=\"page\" class=\"page-numbers current\">1<\/span>\n<a class=\"page-numbers\" href=\"https:\/\/dasgesundheitswesen.de\/2025\/wp-json\/wp\/v2\/pages\/10057\/page\/2\/\">2<\/a>\n<a class=\"next page-numbers\" href=\"https:\/\/dasgesundheitswesen.de\/2025\/wp-json\/wp\/v2\/pages\/10057\/page\/2\/\">\u00c4ltere &raquo;<\/a>\t\t\t<\/nav>\n\t\t\t\t\t\t\t\t<\/div>\n\t\t\t\t\t\t\t<\/div>\n\n\t\t\t\t\t\t<\/div>\n\t\t\t\t<\/div>\n\t\t\t\t\t<\/div>\n\t\t\t\t<\/div>\n\t\t\t\t<\/div>\n\t\t","protected":false},"excerpt":{"rendered":"<p>Aktuelles Unsere News Wie kann die Patientensteuerung in der Indikations\u00adsprechstunde funktionieren? 8. September 2025&#8226; Die Lotsenfunktion des Medizincontrollings und Empfehlungen zur praktischen Umsetzung. Eine fr\u00fchzeitige, sektor\u00fcbergreifende und sowohl medizinisch als auch gesundheits\u00f6konomisch belastbare Prozessplanung f\u00fcr den einzelnen Patienten wird einen&hellip;<\/p>\n","protected":false},"author":1,"featured_media":0,"parent":0,"menu_order":0,"comment_status":"closed","ping_status":"closed","template":"","meta":{"inline_featured_image":false,"_price":"","_stock":"","_tribe_ticket_header":"","_tribe_default_ticket_provider":"","_tribe_ticket_capacity":"0","_ticket_start_date":"","_ticket_end_date":"","_tribe_ticket_show_description":"","_tribe_ticket_show_not_going":false,"_tribe_ticket_use_global_stock":"","_tribe_ticket_global_stock_level":"","_global_stock_mode":"","_global_stock_cap":"","_tribe_rsvp_for_event":"","_tribe_ticket_going_count":"","_tribe_ticket_not_going_count":"","_tribe_tickets_list":"[]","_tribe_ticket_has_attendee_info_fields":false,"footnotes":"","_tec_slr_enabled":"","_tec_slr_layout":""},"class_list":["post-10057","page","type-page","status-publish","hentry"],"ticketed":false,"_links":{"self":[{"href":"https:\/\/dasgesundheitswesen.de\/2025\/wp-json\/wp\/v2\/pages\/10057","targetHints":{"allow":["GET"]}}],"collection":[{"href":"https:\/\/dasgesundheitswesen.de\/2025\/wp-json\/wp\/v2\/pages"}],"about":[{"href":"https:\/\/dasgesundheitswesen.de\/2025\/wp-json\/wp\/v2\/types\/page"}],"author":[{"embeddable":true,"href":"https:\/\/dasgesundheitswesen.de\/2025\/wp-json\/wp\/v2\/users\/1"}],"replies":[{"embeddable":true,"href":"https:\/\/dasgesundheitswesen.de\/2025\/wp-json\/wp\/v2\/comments?post=10057"}],"version-history":[{"count":54,"href":"https:\/\/dasgesundheitswesen.de\/2025\/wp-json\/wp\/v2\/pages\/10057\/revisions"}],"predecessor-version":[{"id":11511,"href":"https:\/\/dasgesundheitswesen.de\/2025\/wp-json\/wp\/v2\/pages\/10057\/revisions\/11511"}],"wp:attachment":[{"href":"https:\/\/dasgesundheitswesen.de\/2025\/wp-json\/wp\/v2\/media?parent=10057"}],"curies":[{"name":"wp","href":"https:\/\/api.w.org\/{rel}","templated":true}]}}