{"id":10272,"date":"2025-08-25T14:22:06","date_gmt":"2025-08-25T12:22:06","guid":{"rendered":"https:\/\/dasgesundheitswesen.de\/2025\/?page_id=10272"},"modified":"2025-11-12T13:26:06","modified_gmt":"2025-11-12T12:26:06","slug":"pd-dr-dominik-franz","status":"publish","type":"page","link":"https:\/\/dasgesundheitswesen.de\/2025\/pd-dr-dominik-franz\/","title":{"rendered":"Prof. Dr. Dominik Franz"},"content":{"rendered":"\t\t<div data-elementor-type=\"wp-page\" data-elementor-id=\"10272\" class=\"elementor elementor-10272\" data-elementor-post-type=\"page\">\n\t\t\t\t<div class=\"elementor-element elementor-element-06f77c6 e-flex e-con-boxed sc_layouts_column_icons_position_left e-con e-parent\" data-id=\"06f77c6\" data-element_type=\"container\">\n\t\t\t\t\t<div class=\"e-con-inner\">\n\t\t<div data-animation-type=\"block\" class=\"elementor-element elementor-element-fa9b4a1 e-con-full e-flex sc_layouts_column_icons_position_left animation_type_block elementor-invisible e-con e-child\" data-id=\"fa9b4a1\" data-element_type=\"container\" data-settings=\"{&quot;animation&quot;:&quot;ta_fadeinup&quot;}\">\n\t\t\t\t<div class=\"elementor-element elementor-element-2d717da sc_fly_static elementor-widget elementor-widget-image\" data-id=\"2d717da\" data-element_type=\"widget\" data-widget_type=\"image.default\">\n\t\t\t\t<div class=\"elementor-widget-container\">\n\t\t\t\t\t\t\t\t\t\t\t\t\t\t\t<img fetchpriority=\"high\" decoding=\"async\" width=\"820\" height=\"820\" src=\"https:\/\/dasgesundheitswesen.de\/2025\/wp-content\/uploads\/2025\/08\/franz.webp\" class=\"attachment-full size-full wp-image-10230\" alt=\"\" srcset=\"https:\/\/dasgesundheitswesen.de\/2025\/wp-content\/uploads\/2025\/08\/franz.webp 820w, https:\/\/dasgesundheitswesen.de\/2025\/wp-content\/uploads\/2025\/08\/franz-300x300.webp 300w, https:\/\/dasgesundheitswesen.de\/2025\/wp-content\/uploads\/2025\/08\/franz-150x150.webp 150w, https:\/\/dasgesundheitswesen.de\/2025\/wp-content\/uploads\/2025\/08\/franz-768x768.webp 768w, https:\/\/dasgesundheitswesen.de\/2025\/wp-content\/uploads\/2025\/08\/franz-370x370.webp 370w, https:\/\/dasgesundheitswesen.de\/2025\/wp-content\/uploads\/2025\/08\/franz-90x90.webp 90w, https:\/\/dasgesundheitswesen.de\/2025\/wp-content\/uploads\/2025\/08\/franz-410x410.webp 410w, https:\/\/dasgesundheitswesen.de\/2025\/wp-content\/uploads\/2025\/08\/franz-600x600.webp 600w, https:\/\/dasgesundheitswesen.de\/2025\/wp-content\/uploads\/2025\/08\/franz-100x100.webp 100w\" sizes=\"(max-width: 820px) 100vw, 820px\" \/>\t\t\t\t\t\t\t\t\t\t\t\t\t\t\t<\/div>\n\t\t\t\t<\/div>\n\t\t\t\t<\/div>\n\t\t<div class=\"elementor-element elementor-element-f4ef22a e-con-full e-flex sc_layouts_column_icons_position_left e-con e-child\" data-id=\"f4ef22a\" data-element_type=\"container\">\n\t\t<div data-animation-type=\"block\" class=\"elementor-element elementor-element-080da22 e-con-full e-flex sc_layouts_column_icons_position_left animation_type_block elementor-invisible e-con e-child\" data-id=\"080da22\" data-element_type=\"container\" data-settings=\"{&quot;animation&quot;:&quot;ta_fadeinup&quot;,&quot;animation_delay&quot;:200}\">\n\t\t\t\t<div data-animation-type=\"block\" class=\"elementor-element elementor-element-698d582 animation_type_block sc_fly_static elementor-invisible elementor-widget elementor-widget-heading\" data-id=\"698d582\" data-element_type=\"widget\" data-settings=\"{&quot;_animation&quot;:&quot;ta_fadeinup&quot;}\" data-widget_type=\"heading.default\">\n\t\t\t\t<div class=\"elementor-widget-container\">\n\t\t\t\t\t<h6 class=\"elementor-heading-title elementor-size-default\">FRANZ + WENKE<\/h6>\t\t\t\t<\/div>\n\t\t\t\t<\/div>\n\t\t\t\t<div class=\"elementor-element elementor-element-3d68a7e elementor-widget__width-initial sc_fly_static elementor-widget elementor-widget-heading\" data-id=\"3d68a7e\" data-element_type=\"widget\" data-widget_type=\"heading.default\">\n\t\t\t\t<div class=\"elementor-widget-container\">\n\t\t\t\t\t<h1 class=\"elementor-heading-title elementor-size-default\">Prof. Dr. med. Dominik Franz<\/h1>\t\t\t\t<\/div>\n\t\t\t\t<\/div>\n\t\t\t\t<div class=\"elementor-element elementor-element-c5f0fc8 sc_fly_static elementor-widget elementor-widget-text-editor\" data-id=\"c5f0fc8\" data-element_type=\"widget\" data-widget_type=\"text-editor.default\">\n\t\t\t\t<div class=\"elementor-widget-container\">\n\t\t\t\t\t\t\t\t\t<h6>Gesch\u00e4ftsf\u00fchrer Franz + Wenke GmbH \u2013 Beratung im Gesundheitswesen<\/h6><p>Lehrverantwortlicher Koordinator f\u00fcr den Themenbereich \u201eGesundheits-\u00f6konomie, Gesundheits-system und \u00f6ffentliche Gesundheitspflege\u201c<\/p>\t\t\t\t\t\t\t\t<\/div>\n\t\t\t\t<\/div>\n\t\t\t\t<\/div>\n\t\t<div data-animation-type=\"block\" class=\"elementor-element elementor-element-98bfa99 e-con-full e-flex sc_layouts_column_icons_position_left animation_type_block elementor-invisible e-con e-child\" data-id=\"98bfa99\" data-element_type=\"container\" data-settings=\"{&quot;animation&quot;:&quot;ta_fadeinup&quot;}\">\n\t\t\t\t<div class=\"elementor-element elementor-element-9c64a4b sc_fly_static elementor-widget elementor-widget-text-editor\" data-id=\"9c64a4b\" data-element_type=\"widget\" data-widget_type=\"text-editor.default\">\n\t\t\t\t<div class=\"elementor-widget-container\">\n\t\t\t\t\t\t\t\t\t<h6><strong>Aktuelle T\u00e4tigkeit<\/strong><\/h6><p>Arzt, seit 2017 Gesch\u00e4ftsf\u00fchrer Franz + Wenke GmbH \u2013 Beratung im Gesundheitswesen, M\u00fcnster<\/p><p>Berufsausbildung zum Bankkaufmann bei der Dresdner Bank AG in Hannover, Studium der Humanmedizin an der Universit\u00e4t Hamburg und der Medizinischen Hochschule Hannover. Berufliche T\u00e4tigkeit: 2001 Promotion, 2001- 2002 Universit\u00e4ts-Hals-Nasen-Ohren-Klinik Freiburg i. Br., 2002-2016 Arzt im Medizincontrolling \/ DRG-Research-Group des UKM, 2004 Zusatzbezeichnung \u201eMedizinische Informatik\u201c, 2014 Habilitation zum Thema \u201eKrankenhaus\u00admanagement\u201c, 2016 stv. Leiter des Gesch\u00e4ftsbereichs Medizinisches Management des UKM, seit 2017 selbst\u00e4ndig.<\/p>\t\t\t\t\t\t\t\t<\/div>\n\t\t\t\t<\/div>\n\t\t\t\t<\/div>\n\t\t\t\t<div data-animation-type=\"block\" class=\"elementor-element elementor-element-3e9ecf9 elementor-widget__width-initial animation_type_block sc_fly_static elementor-invisible elementor-widget elementor-widget-trx_elm_accordion\" data-id=\"3e9ecf9\" data-element_type=\"widget\" data-settings=\"{&quot;_animation&quot;:&quot;ta_fadeinup&quot;,&quot;accordion_type&quot;:&quot;accordion&quot;,&quot;toggle_speed&quot;:300}\" data-widget_type=\"trx_elm_accordion.default\">\n\t\t\t\t<div class=\"elementor-widget-container\">\n\t\t\t\t\t\t\t<div class=\"trx-addons-accordion trx-addons-toggle-icon-align-right\" id=\"trx-addons-accordion-3e9ecf9\" data-accordion-id=\"3e9ecf9\" role=\"tablist\">\n\t\t\t\t\t\t\t<div class=\"trx-addons-accordion-item\">\n\t\t\t\t\t\t\t\t\t\t<h6 id=\"trx-addons-accordion-tab-title-6561\" class=\"trx-addons-accordion-tab-title\" tabindex=\"0\" data-tab=\"1\" role=\"tab\" aria-controls=\"trx-addons-accordion-tab-content-6561\" aria-expanded=\"false\">\n\t\t\t\t\t\t\t\t\t\t\t\t<span class=\"trx-addons-accordion-title-icon\">\n\t\t\t\t\t\t\t\t\t\t\t\t\t\t<span class=\"trx-addons-accordion-title-text\">\n\t\t\t\t\t\t\t\tT\u00e4tigkeitsschwerpunkte\t\t\t\t\t\t\t<\/span>\n\t\t\t\t\t\t<\/span>\n\t\t\t\t\t\t\t\t\t\t\t\t\t<span class=\"trx-addons-accordion-toggle-icon\">\n\t\t\t\t\t\t\t\t\t\t\t\t\t\t\t\t\t<span class='trx-addons-accordion-toggle-icon-close trx-addons-icon'>\n\t\t\t\t\t\t\t\t\t\t<svg xmlns=\"http:\/\/www.w3.org\/2000\/svg\" viewBox=\"0 0 11 11\"><path d=\"M4.8,4.8V0h1.3v4.8H11v1.3H6.2V11H4.8V6.2H0V4.8H4.8z\"><\/path><\/svg>\t\t\t\t\t\t\t\t\t<\/span>\n\t\t\t\t\t\t\t\t\t\t\t\t\t\t\t\t\t\t\t\t\t\t\t\t\t<span class='trx-addons-accordion-toggle-icon-open trx-addons-icon'>\n\t\t\t\t\t\t\t\t\t\t<svg xmlns=\"http:\/\/www.w3.org\/2000\/svg\" viewBox=\"0 0 11 11\"><path d=\"M0,4.8l11,0v1.3H0L0,4.8z\"><\/path><\/svg>\t\t\t\t\t\t\t\t\t<\/span>\n\t\t\t\t\t\t\t\t\t\t\t\t\t\t\t<\/span>\n\t\t\t\t\t\t\t\t\t\t\t<\/h6>\n\n\t\t\t\t\t<div id=\"trx-addons-accordion-tab-content-6561\" class=\"trx-addons-accordion-tab-content\" data-tab=\"1\" role=\"tabpanel\" aria-labelledby=\"trx-addons-accordion-tab-title-6561\">\n\t\t\t\t\t\t<ul><li>Prozess- und Organisationsberatung f\u00fcr Krankenh\u00e4user verschiedener Versorgungs-stufen und Tr\u00e4gerschaften<\/li><li>Operatives und strategisches Medizincontrolling<\/li><li>Aufbau und Pflege EDV\u2010gest\u00fctzter Regelwerke zur Plausibilisierung der Prim\u00e4rkodierung<\/li><li>Entwicklung von EDV-Tools zum Aufbau \/ Weiterentwicklung eines standardisierten Kodierberichtswesens zur IT-gest\u00fctzten Durchf\u00fchrung einer regelm\u00e4\u00dfigen Kodier\u00adrevision<\/li><li>Entwicklung von EDV-Tools zur Leistungssimulation im Zusammenhang mit der \u00dcberpr\u00fcfung von Plausibilit\u00e4ten in der Kodierung<\/li><li>Datengest\u00fctzte Auswertungen zur Leistungsplanung und \u2010steuerung, Vorbereitung der Budgetverhandlungen<\/li><li>Erstellung von Kodierleitf\u00e4den in Zusammenarbeit mit medizinisch-wissenschaftlichen Fachgesellschaften (z. B. Orthop\u00e4die \/ Unfallchirurgie, HNO-Heilkunde, H\u00e4matologie \/ Onkologie, Stammzelltransplantation, MKG-Chirurgie, Gastroenterologie, Dermatologie)<\/li><li>Analyse sektor\u00fcbergreifender Leistungsverlagerungen<\/li><li>Fallbezogener Dialog mit den Kostentr\u00e4gern und dem Medizinischen Dienst der Krankenkassen<\/li><li>Beteiligung als Sachverst\u00e4ndiger an Gutachtenerstellungen f\u00fcr Sozialgerichte zu Themen der Kodierung von Diagnosen und medizinischen Prozeduren<\/li><li>Geoanalysen im Zusammenhang mit Zuweisermanagement, Patientenstromanalysen und zur Beurteilung des Marktpotenzials von medizinischen Prozeduren<\/li><li>Untersuchungen zu Auswirkungen von Leistungsgruppen und Mindestmengen unter Einbeziehung von Analyseverfahren der Geoinformatik<\/li><li>DRG\u2010Evaluationsprojekte in Zusammenarbeit mit medizinisch-wissenschaftlichen Fach-gesellschaften (z. B. Orthop\u00e4die\/Unfallchirurgie, Schwerstverletzte\/Polytrauma, Rheu-matologie, HNO-Heilkunde, H\u00e4matologie\/Onkologie\/Knochenmarktransplantation, MKG-Chirurgie, Dermatologie)<\/li><li>Durchf\u00fchrung einer Studie zur Analyse des SwissDRG-Systems aus medizinischer und \u00f6konomischer Perspektive im Auftrag des Bundesamtes f\u00fcr Gesundheit, Bern<\/li><li>Gesundheits\u00f6konomische Beratung von Unternehmen und Institutionen<\/li><li><strong>Seminarleitung:<\/strong> Durchf\u00fchrung in\u2010 und externer fachspezifischer Kodierschulungen und Fortbildungen im Kontext der Krankenhausfinanzierung, des Krankenhausmanagements und des DRG\u2010Systems<ul><li>Seit 2004 Erfahrung als Dozent im Gesundheitswesen und in der Beratung von Einrichtungen und Institutionen des Gesundheitswesens<\/li><li>seit 2004 wurden mehr als 350 offene und mehr als 750 ein- und mehrt\u00e4gige Inhouse-Seminare f\u00fcr bis zu 120 Teilnehmende sowie ca. 35 Kurse zur Weiterbildung zur medizinischen Kodierfachkraft durchgef\u00fchrt.<\/li><\/ul><\/li><\/ul>\t\t\t\t\t<\/div>\n\t\t\t\t<\/div>\n\t\t\t\t\t<\/div>\n\t\t\t\t\t\t<\/div>\n\t\t\t\t<\/div>\n\t\t\t\t<div data-animation-type=\"block\" class=\"elementor-element elementor-element-4be60f8 elementor-widget__width-initial animation_type_block sc_fly_static elementor-invisible elementor-widget elementor-widget-trx_elm_accordion\" data-id=\"4be60f8\" data-element_type=\"widget\" data-settings=\"{&quot;_animation&quot;:&quot;ta_fadeinup&quot;,&quot;accordion_type&quot;:&quot;accordion&quot;,&quot;toggle_speed&quot;:300}\" data-widget_type=\"trx_elm_accordion.default\">\n\t\t\t\t<div class=\"elementor-widget-container\">\n\t\t\t\t\t\t\t<div class=\"trx-addons-accordion trx-addons-toggle-icon-align-right\" id=\"trx-addons-accordion-4be60f8\" data-accordion-id=\"4be60f8\" role=\"tablist\">\n\t\t\t\t\t\t\t<div class=\"trx-addons-accordion-item\">\n\t\t\t\t\t\t\t\t\t\t<h6 id=\"trx-addons-accordion-tab-title-7951\" class=\"trx-addons-accordion-tab-title\" tabindex=\"0\" data-tab=\"1\" role=\"tab\" aria-controls=\"trx-addons-accordion-tab-content-7951\" aria-expanded=\"false\">\n\t\t\t\t\t\t\t\t\t\t\t\t<span class=\"trx-addons-accordion-title-icon\">\n\t\t\t\t\t\t\t\t\t\t\t\t\t\t<span class=\"trx-addons-accordion-title-text\">\n\t\t\t\t\t\t\t\tPublikationen (Auswahl)\t\t\t\t\t\t\t<\/span>\n\t\t\t\t\t\t<\/span>\n\t\t\t\t\t\t\t\t\t\t\t\t\t<span class=\"trx-addons-accordion-toggle-icon\">\n\t\t\t\t\t\t\t\t\t\t\t\t\t\t\t\t\t<span class='trx-addons-accordion-toggle-icon-close trx-addons-icon'>\n\t\t\t\t\t\t\t\t\t\t<svg xmlns=\"http:\/\/www.w3.org\/2000\/svg\" viewBox=\"0 0 11 11\"><path d=\"M4.8,4.8V0h1.3v4.8H11v1.3H6.2V11H4.8V6.2H0V4.8H4.8z\"><\/path><\/svg>\t\t\t\t\t\t\t\t\t<\/span>\n\t\t\t\t\t\t\t\t\t\t\t\t\t\t\t\t\t\t\t\t\t\t\t\t\t<span class='trx-addons-accordion-toggle-icon-open trx-addons-icon'>\n\t\t\t\t\t\t\t\t\t\t<svg xmlns=\"http:\/\/www.w3.org\/2000\/svg\" viewBox=\"0 0 11 11\"><path d=\"M0,4.8l11,0v1.3H0L0,4.8z\"><\/path><\/svg>\t\t\t\t\t\t\t\t\t<\/span>\n\t\t\t\t\t\t\t\t\t\t\t\t\t\t\t<\/span>\n\t\t\t\t\t\t\t\t\t\t\t<\/h6>\n\n\t\t\t\t\t<div id=\"trx-addons-accordion-tab-content-7951\" class=\"trx-addons-accordion-tab-content\" data-tab=\"1\" role=\"tabpanel\" aria-labelledby=\"trx-addons-accordion-tab-title-7951\">\n\t\t\t\t\t\t<ul><li><strong>Franz, D<\/strong> (2025) Die Zukunft des operativen Medizincontrollings \u2013 vom Datenverwalter zum strategischen Partner in Sachen Patientensteuerung und Erl\u00f6ssicherung. Krankenhaus-Umschau 05\/25<\/li><li>Wenke, A, <strong>Franz, D<\/strong> (2024) Personalmangel in der Kodierung \u2013 Strukturierte \u00dcbergabe von Kodierung und Fallabschluss an spezialisierte Dienstleister. Krankenhaus-Umschau 09\/24<\/li><li>Wenke, A, Neukamm, N, <strong>Franz, D<\/strong> (2024) Auch ambulantes Operieren kann sich lohnen. Krankenhaus-Umschau 06\/24<\/li><li>Billing, A, Wenke, A, <strong>Franz, D<\/strong> (2023) Zukunft der ambulanten Gef\u00e4\u00dfchirurgie, insbesondere der Interventionen. Gef\u00e4sschirurgie, published online 06.02.2023, DOI 10.1007\/s00772-023-00979-5<\/li><li>Wenke, A, Te\u00dfarek, U, Roeder, N, <strong>Franz, D<\/strong> (2022) Das Krankenhaus f\u00fcr ambulante Leistungserbringung fit machen. In: Ihr Krankenhaus 2030 \u2013 sicher und stark f\u00fcr die Zukunft. Roeder, N, Kaspar, N (Hrsg.) Kohlhammer Verlag, ISBN-10: 3170419420<\/li><li>Roeder, N, <strong>Franz, D<\/strong> (2022) Leistungssteuerung durch Qualit\u00e4tssicherung. In: Ihr Krankenhaus 2030 \u2013 sicher und stark f\u00fcr die Zukunft. Roeder, N, Kaspar, N (Hrsg.) Kohlhammer Verlag, ISBN-10: 3170419420<\/li><li>Wenke, A, P\u00fchse, G, Tessarek, U, <strong>Franz, D<\/strong> (2021) Das MDK-Reformgesetz und seine Auswirkungen auf das ambulante Potenzial. Urologe, published online 02.09.2021, DOI 10.1007\/s00120-021-01624-3<\/li><li><strong>Franz, D<\/strong>, Raschke, M, Giannoudis, PV, Leliveld, M, Metsemakers, WJ, Verhofstad, MHJ, Craig, JA, Shore, J, Smith, A, Muehlendyck, C, Kerstan, M, Fuchs, T (2021) Use of antibiotic coated intramedullary nails in open tibia fractures: A European medical resource use and cost-effectiveness analysis Injury 52 (2021) 1-8<\/li><li><strong>Franz, D<\/strong>, Wenke, A, Roeder, N (2021) Abbildung der Herz- und Gef\u00e4\u00dfchirurgie im aktuellen aG\u2011DRG-System 2021. Z Herz- Thorax- Gef\u00e4\u00dfchir (published online: 11.03.2021, doi.org\/10.1007\/s00398-021-00424-3)<\/li><li>Wenke, A, Roeder, N, <strong>Franz, D<\/strong> (2020) Abbildung der Herzchirurgie im aG\u2011DRGSystem 2020 \u2013 aktuelle Entwicklungen. Z Herz- Thorax- Gef\u00e4\u00dfchir (published online: 02.06.2020, doi.org\/10.1007\/s00398-020-00370-6)<\/li><li>Jaeckel, R, Donovan, TJ, <strong>Franz, D<\/strong> (2019) Patient Blood Management \u2013 Es gibt viele Erfahrungswerte. f &amp; w F\u00fchren und Wirtschaften im Krankenhaus 6\/2019:39-41<\/li><li>Wenke, A, Roeder, N, <strong>Franz, D<\/strong> (2019) Abbildung der Herzchirurgie im G\u2011DRGSystem 2019 \u2013 aktuelle Entwicklungen. Z Herz- Thorax- Gef\u00e4\u00dfchir (published online: 18.04.2019, doi.org\/10.1007\/s00398-019-0300-z)<\/li><li>Freist\u00fchler, M, Roeder, N, <strong>Franz, D<\/strong> (2018) Institut f\u00fcr Qualit\u00e4tssicherung und Transparenz im Gesundheitswesen. Z Herz-Thorax-Gef\u00e4\u00dfchir (published online: 04. Mai 2018, doi.org\/10.1007\/s00398-018-0231-0)<\/li><li>Freist\u00fchler, M, Roeder, N, <strong>Franz, D<\/strong> (2017) Das Institut f\u00fcr das Entgeltsystem im Krankenhaus \u2013 InEK. Z Herz-Thorax-Gef\u00e4\u00dfchir (published online: 19. November 2017, doi.org\/10.1007\/s00398-017-0185-7)<\/li><li><strong>Franz, D<\/strong>, Wenke, A, Roeder, N (2014) Abbildung der Herzchirurgie im G-DRG-System \u2013 aktuelle Entwicklungen und zuk\u00fcnftiger Handlungsbedarf. Z Herz-Thorax-Gef\u00e4\u00dfchir 28:55-64<\/li><li><strong>Franz, D<\/strong>, Schemman, F, Selter, DD, Auhuber, T, Gehweiler, D, Roeder, N, Siebert, H, Mahlke, L (2014) Abbildung orthop\u00e4disch-unfallchirurgischer Leistungen in den G-DRG-Systemversionen 2004 und 2014. Unfallchirurg 117:946-956<\/li><li>Mahlke, L, Lefering, R, Siebert, H, Windolf, J, Roeder, N, <strong>Franz, D<\/strong> (2013) Wird die Schwerverletztenversorgung doch bezahlbar? Ergebnisse einer multizentrischen Studie zur Abbildungsqualit\u00e4t von Schwerverletzten im deutschen DRG-System. Der Chirurg 84:978-986<\/li><li><strong>Franz, D<\/strong>, Lefering, R, Siebert, H, Windolf, J, Roeder, N, Mahlke, L (2013) Die Herausforderung der sachgerechten Verg\u00fctung von Schwerverletzten im deutschen DRG-System. Gesundheitswesen 75:84-93<\/li><li><strong>Franz D<\/strong>, Schemmann F, Selter DD, Auhuber T, Wirtz DC, Roeder N, Siebert H, Mahlke L, (2013), Verg\u00fctung orthop\u00e4disch-unfallchirurgischer Leistungen im G-DRG-System. Unfallchirurg 116:760-766<\/li><li><strong>Franz, D<\/strong>, Mrosek, S, Mrosek, S, Helbig, H, Framme, C (2012) Kosten- und Leistungs-heterogenit\u00e4t bei penetrierenden Augenverletzungen und Amnionmembranauf-n\u00e4hungen unter DRG-Bedingungen. Ophthalmologe 109:59-67<\/li><li><strong>Franz, D<\/strong>, Helling, HE, Bunzemeier, H, Heumann, M, Roeder, N (2011) Wer kodiert im Krankenhaus? Ergebnisse einer Umfrage zur Durchf\u00fchrung der DRG-Kodierung in Krankenh\u00e4usern Nordrhein-Westfalens. Gesundh \u00f6kon Qual manag 16:363-368<\/li><li>\u00a0<\/li><\/ul>\t\t\t\t\t<\/div>\n\t\t\t\t<\/div>\n\t\t\t\t\t<\/div>\n\t\t\t\t\t\t<\/div>\n\t\t\t\t<\/div>\n\t\t\t\t<\/div>\n\t\t\t\t\t<\/div>\n\t\t\t\t<\/div>\n\t\t\t\t<\/div>\n\t\t","protected":false},"excerpt":{"rendered":"<p>FRANZ + WENKE Prof. Dr. med. Dominik Franz Gesch\u00e4ftsf\u00fchrer Franz + Wenke GmbH \u2013 Beratung im Gesundheitswesen Lehrverantwortlicher Koordinator f\u00fcr den Themenbereich \u201eGesundheits-\u00f6konomie, Gesundheits-system und \u00f6ffentliche Gesundheitspflege\u201c Aktuelle T\u00e4tigkeit Arzt, seit 2017 Gesch\u00e4ftsf\u00fchrer Franz + Wenke GmbH \u2013 Beratung im&hellip;<\/p>\n","protected":false},"author":1,"featured_media":0,"parent":0,"menu_order":0,"comment_status":"closed","ping_status":"closed","template":"","meta":{"inline_featured_image":false,"_price":"","_stock":"","_tribe_ticket_header":"","_tribe_default_ticket_provider":"","_tribe_ticket_capacity":"0","_ticket_start_date":"","_ticket_end_date":"","_tribe_ticket_show_description":"","_tribe_ticket_show_not_going":false,"_tribe_ticket_use_global_stock":"","_tribe_ticket_global_stock_level":"","_global_stock_mode":"","_global_stock_cap":"","_tribe_rsvp_for_event":"","_tribe_ticket_going_count":"","_tribe_ticket_not_going_count":"","_tribe_tickets_list":"[]","_tribe_ticket_has_attendee_info_fields":false,"footnotes":"","_tec_slr_enabled":"","_tec_slr_layout":""},"class_list":["post-10272","page","type-page","status-publish","hentry"],"ticketed":false,"_links":{"self":[{"href":"https:\/\/dasgesundheitswesen.de\/2025\/wp-json\/wp\/v2\/pages\/10272","targetHints":{"allow":["GET"]}}],"collection":[{"href":"https:\/\/dasgesundheitswesen.de\/2025\/wp-json\/wp\/v2\/pages"}],"about":[{"href":"https:\/\/dasgesundheitswesen.de\/2025\/wp-json\/wp\/v2\/types\/page"}],"author":[{"embeddable":true,"href":"https:\/\/dasgesundheitswesen.de\/2025\/wp-json\/wp\/v2\/users\/1"}],"replies":[{"embeddable":true,"href":"https:\/\/dasgesundheitswesen.de\/2025\/wp-json\/wp\/v2\/comments?post=10272"}],"version-history":[{"count":19,"href":"https:\/\/dasgesundheitswesen.de\/2025\/wp-json\/wp\/v2\/pages\/10272\/revisions"}],"predecessor-version":[{"id":11874,"href":"https:\/\/dasgesundheitswesen.de\/2025\/wp-json\/wp\/v2\/pages\/10272\/revisions\/11874"}],"wp:attachment":[{"href":"https:\/\/dasgesundheitswesen.de\/2025\/wp-json\/wp\/v2\/media?parent=10272"}],"curies":[{"name":"wp","href":"https:\/\/api.w.org\/{rel}","templated":true}]}}