{"id":10904,"date":"2025-08-30T21:22:13","date_gmt":"2025-08-30T19:22:13","guid":{"rendered":"https:\/\/dasgesundheitswesen.de\/2025\/?page_id=10904"},"modified":"2025-09-08T01:49:40","modified_gmt":"2025-09-07T23:49:40","slug":"kodierung-medizincontrolling","status":"publish","type":"page","link":"https:\/\/dasgesundheitswesen.de\/2025\/kodierung-medizincontrolling\/","title":{"rendered":"Kodierung &#038; Medizincontrolling"},"content":{"rendered":"\t\t<div data-elementor-type=\"wp-page\" data-elementor-id=\"10904\" class=\"elementor elementor-10904\" data-elementor-post-type=\"page\">\n\t\t\t\t<div class=\"elementor-element elementor-element-9c0f38c e-flex e-con-boxed sc_layouts_column_icons_position_left e-con e-parent\" data-id=\"9c0f38c\" data-element_type=\"container\">\n\t\t\t\t\t<div class=\"e-con-inner\">\n\t\t<div class=\"elementor-element elementor-element-6dbd988 e-con-full e-flex sc_layouts_column_icons_position_left e-con e-child\" data-id=\"6dbd988\" data-element_type=\"container\">\n\t\t\t\t<div data-animation-type=\"block\" class=\"elementor-element elementor-element-b574301 animation_type_block sc_fly_static elementor-invisible elementor-widget elementor-widget-heading\" data-id=\"b574301\" data-element_type=\"widget\" data-settings=\"{&quot;_animation&quot;:&quot;ta_fadeinup&quot;}\" data-widget_type=\"heading.default\">\n\t\t\t\t<div class=\"elementor-widget-container\">\n\t\t\t\t\t<h6 class=\"elementor-heading-title elementor-size-default\">Leistungen<\/h6>\t\t\t\t<\/div>\n\t\t\t\t<\/div>\n\t\t\t\t<div data-animation-type=\"block\" class=\"elementor-element elementor-element-8b062d1 elementor-widget__width-initial animation_type_block sc_fly_static elementor-invisible elementor-widget elementor-widget-heading\" data-id=\"8b062d1\" data-element_type=\"widget\" data-settings=\"{&quot;_animation&quot;:&quot;ta_fadeinup&quot;,&quot;_animation_delay&quot;:100}\" data-widget_type=\"heading.default\">\n\t\t\t\t<div class=\"elementor-widget-container\">\n\t\t\t\t\t<h1 class=\"elementor-heading-title elementor-size-default\">Kodierung &amp; Medizincontrolling<\/h1>\t\t\t\t<\/div>\n\t\t\t\t<\/div>\n\t\t\t\t<div data-animation-type=\"block\" class=\"elementor-element elementor-element-e059ff8 elementor-widget__width-inherit animation_type_block sc_fly_static elementor-invisible elementor-widget elementor-widget-heading\" data-id=\"e059ff8\" data-element_type=\"widget\" data-settings=\"{&quot;_animation&quot;:&quot;ta_fadeinup&quot;,&quot;_animation_delay&quot;:100}\" data-widget_type=\"heading.default\">\n\t\t\t\t<div class=\"elementor-widget-container\">\n\t\t\t\t\t<h3 class=\"elementor-heading-title elementor-size-default\">Wir sind Ihr Partner f\u00fcr Kodierung, Controlling und MD-Management.<\/h3>\t\t\t\t<\/div>\n\t\t\t\t<\/div>\n\t\t\t\t<\/div>\n\t\t\t\t\t<\/div>\n\t\t\t\t<\/div>\n\t\t<div data-animation-type=\"block\" class=\"elementor-element elementor-element-c92348a e-flex e-con-boxed sc_layouts_column_icons_position_left animation_type_block elementor-invisible e-con e-parent\" data-id=\"c92348a\" data-element_type=\"container\" data-settings=\"{&quot;animation&quot;:&quot;ta_fadeinup&quot;}\">\n\t\t\t\t\t<div class=\"e-con-inner\">\n\t\t<div class=\"elementor-element elementor-element-939b410 e-con-full e-flex sc_layouts_column_icons_position_left e-con e-child\" data-id=\"939b410\" data-element_type=\"container\">\n\t\t\t\t<div class=\"elementor-element elementor-element-0b6d231 sc_fly_static elementor-widget elementor-widget-text-editor\" data-id=\"0b6d231\" data-element_type=\"widget\" data-widget_type=\"text-editor.default\">\n\t\t\t\t<div class=\"elementor-widget-container\">\n\t\t\t\t\t\t\t\t\t<p>Viele Kliniken stehen vor der Herausforderung, komplexe Abrechnungsprozesse im DRG- oder PEPP-System mit knappen Personalressourcen zu bew\u00e4ltigen. Personelle Engp\u00e4sse, steigende MD-Pr\u00fcfungen, neue Anforderungen durch sich wandelnde gesetzliche Rahmenbedingungen wie die zunehmende Ambulantisierung und die Ausweitung der Hybrid-DRGs versch\u00e4rfen die Situation zus\u00e4tzlich.<\/p><p>Wir \u00fcbernehmen f\u00fcr Sie mit erfahrenen MitarbeiterInnen Kodierung, Medizincontrolling und MD-Management \u2013 operativ wie strategisch, projektbezogen, interimistisch oder dauerhaft im Outsourcing. So sichern Sie Ihre Abrechnungsf\u00e4higkeit und Liquidit\u00e4t unabh\u00e4ngig von Urlaubs- und Krankheitszeiten und schaffen Freir\u00e4ume f\u00fcr die Weiterentwicklung Ihrer Klinik.<\/p><h5><span style=\"color: #909183;\">Unsere Themenbereiche<\/span><\/h5><h6><strong>Kodierung &amp; Fallbegleitung<\/strong><\/h6><p>\u00dcbernahme ambulanter und station\u00e4rer Kodierung \u2013 ob tempor\u00e4re Interimsunterst\u00fctzung oder dauerhaftes Outsourcing. Wir arbeiten im DRG- und PEPP-System, und bieten fallbegleitende Kodierung als prozessorientierte Beratung.<\/p><h6>Medizincontrolling &amp; MD-Management<\/h6><p>Wir unterst\u00fctzen Ihr Medizincontrolling operativ und strategisch. Wir bieten Ihnen aus langj\u00e4hriger Erfahrung an Kliniken aller Versorgungsstufen neben der Bearbeitung von Fallpr\u00fcfungen im Sinne eines professionellen MD-Management auch Budgetsteuerung, Leistungsplanung und Benchmarking. So minimieren Sie Erl\u00f6sverluste und gewinnen Sicherheit in allen Prozessen.<\/p><h6>Abrechnung ambulanter Leistungen<\/h6><p>Ambulante Leistungen gewinnen auch in Krankenh\u00e4usern zunehmend an Bedeutung. Wir begleiten Sie bei der Umsetzung einer optimierten AOP-Abrechnung, unterst\u00fctzen Sie bei Ihren Notfallabrechnungen und stellen Ihnen mit unserem AOP-Grouper ein erprobtes Werkzeug zur Verf\u00fcgung.<\/p>\t\t\t\t\t\t\t\t<\/div>\n\t\t\t\t<\/div>\n\t\t\t\t<\/div>\n\t\t<div class=\"elementor-element elementor-element-593f853 e-con-full e-flex sc_layouts_column_icons_position_left e-con e-child\" data-id=\"593f853\" data-element_type=\"container\">\n\t\t<div class=\"elementor-element elementor-element-0c165cb e-con-full e-flex sc_layouts_column_icons_position_left e-con e-child\" data-id=\"0c165cb\" data-element_type=\"container\" data-settings=\"{&quot;background_background&quot;:&quot;classic&quot;}\">\n\t\t\t\t<div class=\"elementor-element elementor-element-d0ce9b4 sc_fly_static elementor-widget elementor-widget-text-editor\" data-id=\"d0ce9b4\" data-element_type=\"widget\" data-widget_type=\"text-editor.default\">\n\t\t\t\t<div class=\"elementor-widget-container\">\n\t\t\t\t\t\t\t\t\t<h5><strong>Ihr Nutzen<\/strong><\/h5><ul><li>Sicherstellung der Abrechnungsf\u00e4higkeit \u2013 auch bei Personalmangel<\/li><li>Flexible Unterst\u00fctzung: tempor\u00e4r, interimistisch oder dauerhaft im Outsourcing<\/li><li>Fachliche Sicherheit durch langj\u00e4hrige Erfahrung im DRG- und PEPP-System<\/li><li>St\u00e4rkung der Wirtschaftlichkeit durch professionelles Medizincontrolling<\/li><li>Reduktion von Erl\u00f6sverlusten durch optimiertes MD-Management<\/li><\/ul><p><strong>Unser Ziel:<\/strong> Wir sorgen daf\u00fcr, dass Kodierung und Controlling reibungslos funktionieren \u2013 damit Ihre Klinik finanziell abgesichert bleibt und Sie den Freiraum f\u00fcr strategische Entscheidungen gewinnen.<\/p>\t\t\t\t\t\t\t\t<\/div>\n\t\t\t\t<\/div>\n\t\t\t\t<\/div>\n\t\t<div class=\"elementor-element elementor-element-98ad9f4 e-grid e-con-full sc_layouts_column_icons_position_left e-con e-child\" data-id=\"98ad9f4\" data-element_type=\"container\">\n\t\t<div class=\"e-con-gap-no elementor-element elementor-element-04e04ed e-con-full e-flex sc_layouts_column_icons_position_left animation_type_block elementor-invisible e-con e-child\" data-animation-type=\"block\" data-id=\"04e04ed\" data-element_type=\"container\" data-settings=\"{&quot;animation&quot;:&quot;ta_fadeinup&quot;,&quot;animation_delay&quot;:100,&quot;background_background&quot;:&quot;classic&quot;}\">\n\t\t\t\t<\/div>\n\t\t<div data-animation-type=\"block\" class=\"elementor-element elementor-element-c5452c4 e-con-full e-flex sc_layouts_column_icons_position_left animation_type_block elementor-invisible e-con e-child\" data-id=\"c5452c4\" data-element_type=\"container\" data-settings=\"{&quot;animation&quot;:&quot;ta_fadeinup&quot;,&quot;animation_delay&quot;:100,&quot;background_background&quot;:&quot;classic&quot;}\">\n\t\t<div class=\"elementor-element elementor-element-e4d3ea9 e-con-full e-flex sc_layouts_column_icons_position_left e-con e-child\" data-id=\"e4d3ea9\" data-element_type=\"container\">\n\t\t\t\t<div class=\"elementor-element elementor-element-3d29be1 sc_fly_static elementor-widget elementor-widget-heading\" data-id=\"3d29be1\" data-element_type=\"widget\" data-widget_type=\"heading.default\">\n\t\t\t\t<div class=\"elementor-widget-container\">\n\t\t\t\t\t<h5 class=\"elementor-heading-title elementor-size-default\">Kodierung &amp; Fallbegleitung<\/h5>\t\t\t\t<\/div>\n\t\t\t\t<\/div>\n\t\t\t\t<div class=\"elementor-element elementor-element-8ed5177 sc_fly_static elementor-widget elementor-widget-text-editor\" data-id=\"8ed5177\" data-element_type=\"widget\" data-widget_type=\"text-editor.default\">\n\t\t\t\t<div class=\"elementor-widget-container\">\n\t\t\t\t\t\t\t\t\t<p>\u00dcbernahme ambulanter und station\u00e4rer Kodierung.<\/p>\t\t\t\t\t\t\t\t<\/div>\n\t\t\t\t<\/div>\n\t\t\t\t<\/div>\n\t\t\t\t<div data-animation-type=\"block\" class=\"elementor-element elementor-element-679e119 button-hover sc_fly_static elementor-widget elementor-widget-button\" data-id=\"679e119\" data-element_type=\"widget\" data-settings=\"{&quot;_animation&quot;:&quot;none&quot;}\" data-widget_type=\"button.default\">\n\t\t\t\t<div class=\"elementor-widget-container\">\n\t\t\t\t\t\t\t\t\t<div class=\"elementor-button-wrapper\">\n\t\t\t\t\t<a class=\"elementor-button elementor-button-link elementor-size-sm\" href=\"https:\/\/dasgesundheitswesen.de\/2025\/kodierung-fallbegleitung\/\">\n\t\t\t\t\t\t<span class=\"elementor-button-content-wrapper\">\n\t\t\t\t\t\t\t\t\t<span class=\"elementor-button-text\">Mehr erfahren<\/span>\n\t\t\t\t\t<\/span>\n\t\t\t\t\t<\/a>\n\t\t\t\t<\/div>\n\t\t\t\t\t\t\t\t<\/div>\n\t\t\t\t<\/div>\n\t\t\t\t<\/div>\n\t\t<div data-animation-type=\"block\" class=\"elementor-element elementor-element-8ef0be6 e-con-full e-flex sc_layouts_column_icons_position_left animation_type_block elementor-invisible e-con e-child\" data-id=\"8ef0be6\" data-element_type=\"container\" data-settings=\"{&quot;animation&quot;:&quot;ta_fadeinup&quot;,&quot;animation_delay&quot;:100,&quot;background_background&quot;:&quot;classic&quot;}\">\n\t\t<div class=\"elementor-element elementor-element-3e526b7 e-con-full e-flex sc_layouts_column_icons_position_left e-con e-child\" data-id=\"3e526b7\" data-element_type=\"container\">\n\t\t\t\t<div class=\"elementor-element elementor-element-f5ca580 sc_fly_static elementor-widget elementor-widget-heading\" data-id=\"f5ca580\" data-element_type=\"widget\" data-widget_type=\"heading.default\">\n\t\t\t\t<div class=\"elementor-widget-container\">\n\t\t\t\t\t<h5 class=\"elementor-heading-title elementor-size-default\">Medizincontrolling &amp; MD-Management<\/h5>\t\t\t\t<\/div>\n\t\t\t\t<\/div>\n\t\t\t\t<div class=\"elementor-element elementor-element-ef3d5e5 sc_fly_static elementor-widget elementor-widget-text-editor\" data-id=\"ef3d5e5\" data-element_type=\"widget\" data-widget_type=\"text-editor.default\">\n\t\t\t\t<div class=\"elementor-widget-container\">\n\t\t\t\t\t\t\t\t\t<p>Wir unterst\u00fctzen Ihr Medizincontrolling operativ und strategisch.<\/p>\t\t\t\t\t\t\t\t<\/div>\n\t\t\t\t<\/div>\n\t\t\t\t<\/div>\n\t\t\t\t<div data-animation-type=\"block\" class=\"elementor-element elementor-element-f4130ba button-hover sc_fly_static elementor-widget elementor-widget-button\" data-id=\"f4130ba\" data-element_type=\"widget\" data-settings=\"{&quot;_animation&quot;:&quot;none&quot;}\" data-widget_type=\"button.default\">\n\t\t\t\t<div class=\"elementor-widget-container\">\n\t\t\t\t\t\t\t\t\t<div class=\"elementor-button-wrapper\">\n\t\t\t\t\t<a class=\"elementor-button elementor-button-link elementor-size-sm\" href=\"https:\/\/dasgesundheitswesen.de\/2025\/medizincontrolling-md-management\/\">\n\t\t\t\t\t\t<span class=\"elementor-button-content-wrapper\">\n\t\t\t\t\t\t\t\t\t<span class=\"elementor-button-text\">Mehr erfahren<\/span>\n\t\t\t\t\t<\/span>\n\t\t\t\t\t<\/a>\n\t\t\t\t<\/div>\n\t\t\t\t\t\t\t\t<\/div>\n\t\t\t\t<\/div>\n\t\t\t\t<\/div>\n\t\t<div data-animation-type=\"block\" class=\"elementor-element elementor-element-f02a2b4 e-con-full e-flex sc_layouts_column_icons_position_left animation_type_block elementor-invisible e-con e-child\" data-id=\"f02a2b4\" data-element_type=\"container\" data-settings=\"{&quot;animation&quot;:&quot;ta_fadeinup&quot;,&quot;animation_delay&quot;:100,&quot;background_background&quot;:&quot;classic&quot;}\">\n\t\t<div class=\"elementor-element elementor-element-43aaac7 e-con-full e-flex sc_layouts_column_icons_position_left e-con e-child\" data-id=\"43aaac7\" data-element_type=\"container\">\n\t\t\t\t<div class=\"elementor-element elementor-element-a7d455b sc_fly_static elementor-widget elementor-widget-heading\" data-id=\"a7d455b\" data-element_type=\"widget\" data-widget_type=\"heading.default\">\n\t\t\t\t<div class=\"elementor-widget-container\">\n\t\t\t\t\t<h5 class=\"elementor-heading-title elementor-size-default\">Abrechnung ambulanter Leistungen<\/h5>\t\t\t\t<\/div>\n\t\t\t\t<\/div>\n\t\t\t\t<div class=\"elementor-element elementor-element-5d734d5 sc_fly_static elementor-widget elementor-widget-text-editor\" data-id=\"5d734d5\" data-element_type=\"widget\" data-widget_type=\"text-editor.default\">\n\t\t\t\t<div class=\"elementor-widget-container\">\n\t\t\t\t\t\t\t\t\t<p>Wir begleiten Sie bei der Umsetzung einer optimierten Abrechnung.<\/p>\t\t\t\t\t\t\t\t<\/div>\n\t\t\t\t<\/div>\n\t\t\t\t<\/div>\n\t\t\t\t<div data-animation-type=\"block\" class=\"elementor-element elementor-element-dfb1a3a button-hover sc_fly_static elementor-widget elementor-widget-button\" data-id=\"dfb1a3a\" data-element_type=\"widget\" data-settings=\"{&quot;_animation&quot;:&quot;none&quot;}\" data-widget_type=\"button.default\">\n\t\t\t\t<div class=\"elementor-widget-container\">\n\t\t\t\t\t\t\t\t\t<div class=\"elementor-button-wrapper\">\n\t\t\t\t\t<a class=\"elementor-button elementor-button-link elementor-size-sm\" href=\"https:\/\/dasgesundheitswesen.de\/2025\/abrechnung-ambulanter-leistungen\/\">\n\t\t\t\t\t\t<span class=\"elementor-button-content-wrapper\">\n\t\t\t\t\t\t\t\t\t<span class=\"elementor-button-text\">Mehr erfahren<\/span>\n\t\t\t\t\t<\/span>\n\t\t\t\t\t<\/a>\n\t\t\t\t<\/div>\n\t\t\t\t\t\t\t\t<\/div>\n\t\t\t\t<\/div>\n\t\t\t\t<\/div>\n\t\t\t\t<\/div>\n\t\t\t\t<\/div>\n\t\t\t\t\t<\/div>\n\t\t\t\t<\/div>\n\t\t\t\t<\/div>\n\t\t","protected":false},"excerpt":{"rendered":"<p>Leistungen Kodierung &amp; Medizincontrolling Wir sind Ihr Partner f\u00fcr Kodierung, Controlling und MD-Management. Viele Kliniken stehen vor der Herausforderung, komplexe Abrechnungsprozesse im DRG- oder PEPP-System mit knappen Personalressourcen zu bew\u00e4ltigen. Personelle Engp\u00e4sse, steigende MD-Pr\u00fcfungen, neue Anforderungen durch sich wandelnde gesetzliche&hellip;<\/p>\n","protected":false},"author":1,"featured_media":0,"parent":0,"menu_order":0,"comment_status":"closed","ping_status":"closed","template":"","meta":{"inline_featured_image":false,"_price":"","_stock":"","_tribe_ticket_header":"","_tribe_default_ticket_provider":"","_tribe_ticket_capacity":"0","_ticket_start_date":"","_ticket_end_date":"","_tribe_ticket_show_description":"","_tribe_ticket_show_not_going":false,"_tribe_ticket_use_global_stock":"","_tribe_ticket_global_stock_level":"","_global_stock_mode":"","_global_stock_cap":"","_tribe_rsvp_for_event":"","_tribe_ticket_going_count":"","_tribe_ticket_not_going_count":"","_tribe_tickets_list":"[]","_tribe_ticket_has_attendee_info_fields":false,"footnotes":"","_tec_slr_enabled":"","_tec_slr_layout":""},"class_list":["post-10904","page","type-page","status-publish","hentry"],"ticketed":false,"_links":{"self":[{"href":"https:\/\/dasgesundheitswesen.de\/2025\/wp-json\/wp\/v2\/pages\/10904","targetHints":{"allow":["GET"]}}],"collection":[{"href":"https:\/\/dasgesundheitswesen.de\/2025\/wp-json\/wp\/v2\/pages"}],"about":[{"href":"https:\/\/dasgesundheitswesen.de\/2025\/wp-json\/wp\/v2\/types\/page"}],"author":[{"embeddable":true,"href":"https:\/\/dasgesundheitswesen.de\/2025\/wp-json\/wp\/v2\/users\/1"}],"replies":[{"embeddable":true,"href":"https:\/\/dasgesundheitswesen.de\/2025\/wp-json\/wp\/v2\/comments?post=10904"}],"version-history":[{"count":21,"href":"https:\/\/dasgesundheitswesen.de\/2025\/wp-json\/wp\/v2\/pages\/10904\/revisions"}],"predecessor-version":[{"id":11021,"href":"https:\/\/dasgesundheitswesen.de\/2025\/wp-json\/wp\/v2\/pages\/10904\/revisions\/11021"}],"wp:attachment":[{"href":"https:\/\/dasgesundheitswesen.de\/2025\/wp-json\/wp\/v2\/media?parent=10904"}],"curies":[{"name":"wp","href":"https:\/\/api.w.org\/{rel}","templated":true}]}}